{"id":767,"date":"2023-12-26T09:58:20","date_gmt":"2023-12-26T09:58:20","guid":{"rendered":"https:\/\/panoramicflight-zadar.com\/?page_id=767"},"modified":"2023-12-26T10:11:17","modified_gmt":"2023-12-26T10:11:17","slug":"politika-kolacica-cookie-policy","status":"publish","type":"page","link":"https:\/\/panoramicflight-zadar.com\/de\/politika-kolacica-cookie-policy\/","title":{"rendered":"Cookie-Richtlinie"},"content":{"rendered":"<div data-elementor-type=\"wp-page\" data-elementor-id=\"767\" class=\"elementor elementor-767\" data-elementor-post-type=\"page\">\n\t\t\t\t\t\t\t\t\t<section class=\"elementor-section elementor-top-section elementor-element elementor-element-07a7211 elementor-section-boxed elementor-section-height-default elementor-section-height-default\" data-id=\"07a7211\" data-element_type=\"section\">\n\t\t\t\t\t\t<div class=\"elementor-container elementor-column-gap-default\">\n\t\t\t\t\t<div class=\"elementor-column elementor-col-100 elementor-top-column elementor-element elementor-element-3da455f\" data-id=\"3da455f\" data-element_type=\"column\">\n\t\t\t<div class=\"elementor-widget-wrap elementor-element-populated\">\n\t\t\t\t\t\t\t\t<div class=\"elementor-element elementor-element-4e47f0e elementor-widget elementor-widget-heading\" data-id=\"4e47f0e\" data-element_type=\"widget\" data-widget_type=\"heading.default\">\n\t\t\t\t<div class=\"elementor-widget-container\">\n\t\t\t<style>\/*! elementor - v3.18.0 - 20-12-2023 *\/\n.elementor-heading-title{padding:0;margin:0;line-height:1}.elementor-widget-heading .elementor-heading-title[class*=elementor-size-]>a{color:inherit;font-size:inherit;line-height:inherit}.elementor-widget-heading .elementor-heading-title.elementor-size-small{font-size:15px}.elementor-widget-heading .elementor-heading-title.elementor-size-medium{font-size:19px}.elementor-widget-heading .elementor-heading-title.elementor-size-large{font-size:29px}.elementor-widget-heading .elementor-heading-title.elementor-size-xl{font-size:39px}.elementor-widget-heading .elementor-heading-title.elementor-size-xxl{font-size:59px}<\/style><h2 class=\"elementor-heading-title elementor-size-default\">Cookie-Richtlinie\n<\/h2>\t\t<\/div>\n\t\t\t\t<\/div>\n\t\t\t\t\t<\/div>\n\t\t<\/div>\n\t\t\t\t\t\t\t<\/div>\n\t\t<\/section>\n\t\t\t\t<section class=\"elementor-section elementor-top-section elementor-element elementor-element-3c6de7a elementor-section-boxed elementor-section-height-default elementor-section-height-default\" data-id=\"3c6de7a\" data-element_type=\"section\">\n\t\t\t\t\t\t<div class=\"elementor-container elementor-column-gap-default\">\n\t\t\t\t\t<div class=\"elementor-column elementor-col-100 elementor-top-column elementor-element elementor-element-3c49d74\" data-id=\"3c49d74\" data-element_type=\"column\">\n\t\t\t<div class=\"elementor-widget-wrap elementor-element-populated\">\n\t\t\t\t\t\t\t\t<div class=\"elementor-element elementor-element-67c6aac elementor-widget-divider--view-line elementor-widget elementor-widget-divider\" data-id=\"67c6aac\" data-element_type=\"widget\" data-widget_type=\"divider.default\">\n\t\t\t\t<div class=\"elementor-widget-container\">\n\t\t\t<style>\/*! elementor - v3.18.0 - 20-12-2023 *\/\n.elementor-widget-divider{--divider-border-style:none;--divider-border-width:1px;--divider-color:#0c0d0e;--divider-icon-size:20px;--divider-element-spacing:10px;--divider-pattern-height:24px;--divider-pattern-size:20px;--divider-pattern-url:none;--divider-pattern-repeat:repeat-x}.elementor-widget-divider .elementor-divider{display:flex}.elementor-widget-divider .elementor-divider__text{font-size:15px;line-height:1;max-width:95%}.elementor-widget-divider .elementor-divider__element{margin:0 var(--divider-element-spacing);flex-shrink:0}.elementor-widget-divider .elementor-icon{font-size:var(--divider-icon-size)}.elementor-widget-divider .elementor-divider-separator{display:flex;margin:0;direction:ltr}.elementor-widget-divider--view-line_icon .elementor-divider-separator,.elementor-widget-divider--view-line_text .elementor-divider-separator{align-items:center}.elementor-widget-divider--view-line_icon .elementor-divider-separator:after,.elementor-widget-divider--view-line_icon .elementor-divider-separator:before,.elementor-widget-divider--view-line_text .elementor-divider-separator:after,.elementor-widget-divider--view-line_text .elementor-divider-separator:before{display:block;content:\"\";border-bottom:0;flex-grow:1;border-top:var(--divider-border-width) var(--divider-border-style) var(--divider-color)}.elementor-widget-divider--element-align-left .elementor-divider .elementor-divider-separator>.elementor-divider__svg:first-of-type{flex-grow:0;flex-shrink:100}.elementor-widget-divider--element-align-left .elementor-divider-separator:before{content:none}.elementor-widget-divider--element-align-left .elementor-divider__element{margin-left:0}.elementor-widget-divider--element-align-right .elementor-divider .elementor-divider-separator>.elementor-divider__svg:last-of-type{flex-grow:0;flex-shrink:100}.elementor-widget-divider--element-align-right .elementor-divider-separator:after{content:none}.elementor-widget-divider--element-align-right .elementor-divider__element{margin-right:0}.elementor-widget-divider:not(.elementor-widget-divider--view-line_text):not(.elementor-widget-divider--view-line_icon) .elementor-divider-separator{border-top:var(--divider-border-width) var(--divider-border-style) var(--divider-color)}.elementor-widget-divider--separator-type-pattern{--divider-border-style:none}.elementor-widget-divider--separator-type-pattern.elementor-widget-divider--view-line .elementor-divider-separator,.elementor-widget-divider--separator-type-pattern:not(.elementor-widget-divider--view-line) .elementor-divider-separator:after,.elementor-widget-divider--separator-type-pattern:not(.elementor-widget-divider--view-line) .elementor-divider-separator:before,.elementor-widget-divider--separator-type-pattern:not([class*=elementor-widget-divider--view]) .elementor-divider-separator{width:100%;min-height:var(--divider-pattern-height);-webkit-mask-size:var(--divider-pattern-size) 100%;mask-size:var(--divider-pattern-size) 100%;-webkit-mask-repeat:var(--divider-pattern-repeat);mask-repeat:var(--divider-pattern-repeat);background-color:var(--divider-color);-webkit-mask-image:var(--divider-pattern-url);mask-image:var(--divider-pattern-url)}.elementor-widget-divider--no-spacing{--divider-pattern-size:auto}.elementor-widget-divider--bg-round{--divider-pattern-repeat:round}.rtl .elementor-widget-divider .elementor-divider__text{direction:rtl}.e-con-inner>.elementor-widget-divider,.e-con>.elementor-widget-divider{width:var(--container-widget-width,100%);--flex-grow:var(--container-widget-flex-grow)}<\/style>\t\t<div class=\"elementor-divider\">\n\t\t\t<span class=\"elementor-divider-separator\">\n\t\t\t\t\t\t<\/span>\n\t\t<\/div>\n\t\t\t\t<\/div>\n\t\t\t\t<\/div>\n\t\t\t\t<div class=\"elementor-element elementor-element-d19513a elementor-widget elementor-widget-spacer\" data-id=\"d19513a\" data-element_type=\"widget\" data-widget_type=\"spacer.default\">\n\t\t\t\t<div class=\"elementor-widget-container\">\n\t\t\t<style>\/*! elementor - v3.18.0 - 20-12-2023 *\/\n.elementor-column .elementor-spacer-inner{height:var(--spacer-size)}.e-con{--container-widget-width:100%}.e-con-inner>.elementor-widget-spacer,.e-con>.elementor-widget-spacer{width:var(--container-widget-width,var(--spacer-size));--align-self:var(--container-widget-align-self,initial);--flex-shrink:0}.e-con-inner>.elementor-widget-spacer>.elementor-widget-container,.e-con>.elementor-widget-spacer>.elementor-widget-container{height:100%;width:100%}.e-con-inner>.elementor-widget-spacer>.elementor-widget-container>.elementor-spacer,.e-con>.elementor-widget-spacer>.elementor-widget-container>.elementor-spacer{height:100%}.e-con-inner>.elementor-widget-spacer>.elementor-widget-container>.elementor-spacer>.elementor-spacer-inner,.e-con>.elementor-widget-spacer>.elementor-widget-container>.elementor-spacer>.elementor-spacer-inner{height:var(--container-widget-height,var(--spacer-size))}.e-con-inner>.elementor-widget-spacer.elementor-widget-empty,.e-con>.elementor-widget-spacer.elementor-widget-empty{position:relative;min-height:22px;min-width:22px}.e-con-inner>.elementor-widget-spacer.elementor-widget-empty .elementor-widget-empty-icon,.e-con>.elementor-widget-spacer.elementor-widget-empty .elementor-widget-empty-icon{position:absolute;top:0;bottom:0;left:0;right:0;margin:auto;padding:0;width:22px;height:22px}<\/style>\t\t<div class=\"elementor-spacer\">\n\t\t\t<div class=\"elementor-spacer-inner\"><\/div>\n\t\t<\/div>\n\t\t\t\t<\/div>\n\t\t\t\t<\/div>\n\t\t\t\t\t<\/div>\n\t\t<\/div>\n\t\t\t\t\t\t\t<\/div>\n\t\t<\/section>\n\t\t\t\t<section class=\"elementor-section elementor-top-section elementor-element elementor-element-1863ac7 elementor-section-boxed elementor-section-height-default elementor-section-height-default\" data-id=\"1863ac7\" data-element_type=\"section\" data-settings=\"{&quot;background_background&quot;:&quot;classic&quot;}\">\n\t\t\t\t\t\t<div class=\"elementor-container elementor-column-gap-default\">\n\t\t\t\t\t<div class=\"elementor-column elementor-col-100 elementor-top-column elementor-element elementor-element-929a0ba\" data-id=\"929a0ba\" data-element_type=\"column\" data-settings=\"{&quot;background_background&quot;:&quot;classic&quot;}\">\n\t\t\t<div class=\"elementor-widget-wrap elementor-element-populated\">\n\t\t\t\t\t\t\t\t<div class=\"elementor-element elementor-element-f4f6841 elementor-widget elementor-widget-text-editor\" data-id=\"f4f6841\" data-element_type=\"widget\" data-widget_type=\"text-editor.default\">\n\t\t\t\t<div class=\"elementor-widget-container\">\n\t\t\t<style>\/*! elementor - v3.18.0 - 20-12-2023 *\/\n.elementor-widget-text-editor.elementor-drop-cap-view-stacked .elementor-drop-cap{background-color:#69727d;color:#fff}.elementor-widget-text-editor.elementor-drop-cap-view-framed .elementor-drop-cap{color:#69727d;border:3px solid;background-color:transparent}.elementor-widget-text-editor:not(.elementor-drop-cap-view-default) .elementor-drop-cap{margin-top:8px}.elementor-widget-text-editor:not(.elementor-drop-cap-view-default) .elementor-drop-cap-letter{width:1em;height:1em}.elementor-widget-text-editor .elementor-drop-cap{float:left;text-align:center;line-height:1;font-size:50px}.elementor-widget-text-editor .elementor-drop-cap-letter{display:inline-block}<\/style>\t\t\t\t<p>Kako bi ova web stranica radila ispravno sa svim svojim funkcionalnostima te da bi mogli dalje raditi na unaprije\u0111enju stranice i pobolj\u0161anju korisni\u010dkog iskustva, potrebni su nam\u00a0kola\u010di\u0107i\u00a0 (eng.\u00a0cookies). Prema regulacijama Europske unije, od 25. o\u017eujka 2011. godine obvezni smo prije spremanja kola\u010di\u0107a zatra\u017eiti va\u0161\u00a0pristanak. To zna\u010di da\u00a0kori\u0161tenjem ove web stranice imate mogu\u0107nost u posebnom pregledniku pristati ili odbiti uporabu tih datoteka. Ako onemogu\u0107ite kola\u010di\u0107e, na\u017ealost ne\u0107ete mo\u0107i koristiti pojedine funkcionalnosti web mjesta koje su podr\u017eane tom tehnologijom.<\/p><p>Koristimo ih i u svrhu pra\u0107enja statistika posje\u0107enosti:\u00a0kola\u010di\u0107i skupljaju informacije o interakcijama posjetitelja na na\u0161im web stranicama, kao i za normalno funkcioniranje web programa:\u00a0kola\u010di\u0107i slu\u017ee za normalno funkcioniranje odre\u0111enih mogu\u0107nosti web mjesta koje korisnicima olak\u0161avaju pristup sadr\u017eaju.<\/p><p>Kola\u010di\u0107ima tre\u0107ih osoba poput Google-a, Facebook-a i sl., mo\u017eemo prikupljati podatke o posje\u0107enosti i na\u010dinu upotrebe web stranice, Va\u0161u IP adresu, vrstu operativnog sustava koji koristite, jezik kojim se slu\u017eite, preglednik na kojem surfate i sli\u010dne podatke. Svi podaci se prikupljaju anonimno i putem kola\u010di\u0107a se ne mo\u017ee otkriti Va\u0161 osobni identitet. Ako Korisnik ne \u017eeli da se na njegovom ra\u010dunalu ostavljaju kola\u010di\u0107i, potrebno ih je obrisati ili blokirati u pregledniku. Brisanjem ili blokiranjem kola\u010di\u0107a bit \u0107e ote\u017ean pristup sadr\u017eaju internetske stranice.<\/p><p>\u00a0<\/p><hr \/><h4>\u00a0<\/h4><h4><strong>\u0160to su kola\u010di\u0107i?<\/strong><\/h4><p>Kola\u010di\u0107i su male tekstualne datoteke koje web mjesto sa servera sprema u va\u0161 web preglednik ra\u010dunala ili mobitela (ovisno s kojim ure\u0111ajem pristupate stranici), i to kada prvi puta posjetite tu web stranicu. Nakon prvog posjeta, svaki puta kada web preglednik zatra\u017ei identi\u010dnu stranicu sa servera, kola\u010di\u0107i se s korisni\u010dkog ra\u010dunala \u0161alju na server. Na taj na\u010din, server ima mogu\u0107nost identifikacije i pra\u0107enja web preglednika. Termin\u00a0cookies\u00a0koristimo za sve datoteke koje na prethodno opisani na\u010din prikupljaju podatke. \u00a0Postoji nekoliko tipova kola\u010di\u0107a:<\/p><p>Privremeni kola\u010di\u0107i (sesije):\u00a0automatski se uklanjaju s va\u0161eg ra\u010dunala kada zatvorite web preglednik. Pomo\u0107u njih web mjesta pohranjuju privremene podatke (npr. stavke u ko\u0161arici za kupnju).<\/p><p>Stalni kola\u010di\u0107i:\u00a0ostaju spremljeni na va\u0161em ra\u010dunalu i nakon zatvaranja web preglednika. Pomo\u0107u njih web stranice pohranjuju podatke \u2013 naj\u010de\u0161\u0107e je rije\u010d o va\u0161im postavkama kod kori\u0161tenja stranice. Stalni kola\u010di\u0107i \u0107e ostati na va\u0161em ra\u010dunalu tako dugo dok ih ru\u010dno ne uklonite ili dok im ne istekne rok.<\/p><p>Kola\u010di\u0107i prve strane:\u00a0dolaze s web mjesta kojeg gledate, a to su privremeni ili stalni. Pomo\u0107u nijh web mjesta pohranjuju podatke kao \u0161to su ime i lozinka, s ciljem da se ne morate prijavljivati prilikom svakog posjeta.<\/p><p>Kola\u010di\u0107i tre\u0107e strane:\u00a0pripadaju razli\u010ditim domenama od onog prikazanog u adresnoj traci. Web stranice mogu sadr\u017eavati sadr\u017eaj iz drugih podru\u010dja (kao \u0161to su banneri), \u0161to otvara mogu\u0107nost za pra\u0107enje korisni\u010dke povijesti pregledavanja. Mogu\u0107nosti pode\u0161avanja privatnosti u ve\u0107ini modernih preglednika omogu\u0107uju blokiranje kola\u010di\u0107a tre\u0107e strane.<\/p><p>\u00a0<\/p><hr \/><h4>\u00a0<\/h4><h4>KAKO MOGU ISKLJU\u010cITI KOLA\u010cI\u0106E?<\/h4><p>Internet pretra\u017eiva\u010di Vam omogu\u0107avaju promjenu pode\u0161avanja u vezi s kola\u010di\u0107ima. U va\u0161em internet pretra\u017eiva\u010du data pode\u0161avanja se naj\u010de\u0161\u0107e nalaze u meniju \u201eOpcije\u201d (Options) ili \u201eParametri\u201d (Preferences). Dolje navedene veze mogu biti od pomo\u0107i ako \u017eelite bolje razumjeti pode\u0161avanja Za dodatne informacije mo\u017eete iskoristiti opciju \u201ePomo\u0107\u201d (Help) u svom internet pretra\u017eiva\u010du.<\/p><ul><li><span style=\"color: #000080;\"><a style=\"color: #000080;\" href=\"https:\/\/www.timeanddate.com\/custom\/cookiesie.html\" target=\"_blank\" rel=\"noopener noreferrer\">Pode\u0161avanje kola\u010di\u0107a u Internet Explorer-u<\/a><\/span><\/li><li><span style=\"color: #000080;\"><a style=\"color: #000080;\" href=\"https:\/\/support.mozilla.org\/en-US\/kb\/cookies-information-websites-store-on-your-computer?redirectlocale=en-US&amp;redirectslug=Cookies\" target=\"_blank\" rel=\"noopener noreferrer\">Pode\u0161avanje kola\u010di\u0107a u Firefox-u<\/a><\/span><\/li><li><span style=\"color: #000080;\"><a style=\"color: #000080;\" href=\"https:\/\/support.google.com\/chrome\/answer\/95647?hl=en\" target=\"_blank\" rel=\"noopener noreferrer\">Pode\u0161avanja kola\u010di\u0107a u Chrome-u<\/a><\/span><\/li><li><span style=\"color: #000080;\"><a style=\"color: #000080;\" href=\"https:\/\/support.apple.com\/en-us\/HT201265\" target=\"_blank\" rel=\"noopener noreferrer\">Pode\u0161avanja kola\u010di\u0107a u Safari-ju<\/a><\/span><\/li><\/ul><p>\u00a0<\/p><hr \/><h4>\u00a0<\/h4><h4>KADA KORISTIMO KOLA\u010cI\u0106E?<\/h4><p><strong>Pra\u0107enje<\/strong><\/p><p>Kola\u010di\u0107i se koriste za prikupljanje statisti\u010dkih podataka o tome kako posjetitelji upotrebljavaju na\u0161u web stranicu.<\/p><p><strong>Ciljanje<\/strong><\/p><p>Kola\u010di\u0107i za \u201eciljanje\u201d su povezani s uslugama koje pru\u017eaju tre\u0107e strane, kao \u0161to su npr. \u201eLike\u201d i \u201eShare\u201d. Tre\u0107e strane pru\u017eaju ove usluge u zamjenu za prepoznavanje posjetitelja na\u0161e web stranice.<\/p><p>Povezivanje s dru\u0161tvenim mre\u017eama poput Facebooka mo\u017ee dovesti do toga da one koriste informacije o Va\u0161oj posjeti kako bi na drugim web stranicama usmjerile ogla\u0161avanje na Vas.<\/p><p>Kola\u010di\u0107i pru\u017eaju agencijama za ogla\u0161avanje informacije o va\u0161oj posjeti tako da Vam one mogu ponuditi oglase koji bi Vam mogli biti zanimljivi.<\/p><p>Svim ovim kola\u010di\u0107ima upravljaju tre\u0107e strane, a za dodatne informacije mo\u017eete pogledati obavje\u0161tenja o privatnosti na njihovim web stranicama.<\/p><p>Time \u0161to koristite na\u0161u web stranicu prihva\u0107ate upotrebu kola\u010di\u0107a za \u201eciljanje\u201d.<\/p><p>U nekim slu\u010dajevima prihva\u0107anje ovih kola\u010di\u0107a predstavlja uvjet za kori\u0161tenje web stranice; ukoliko ih onemogu\u0107ite\/blokirate ne mo\u017eemo jam\u010diti da \u0107e na\u0161a web stranica funkcionirati.<\/p>\t\t\t\t\t\t<\/div>\n\t\t\t\t<\/div>\n\t\t\t\t\t<\/div>\n\t\t<\/div>\n\t\t\t\t\t\t\t<\/div>\n\t\t<\/section>\n\t\t\t\t<section class=\"elementor-section elementor-top-section elementor-element elementor-element-be4f6e7 elementor-section-boxed elementor-section-height-default elementor-section-height-default\" data-id=\"be4f6e7\" data-element_type=\"section\">\n\t\t\t\t\t\t<div class=\"elementor-container elementor-column-gap-default\">\n\t\t\t\t\t<div class=\"elementor-column elementor-col-100 elementor-top-column elementor-element elementor-element-8880342\" data-id=\"8880342\" data-element_type=\"column\">\n\t\t\t<div class=\"elementor-widget-wrap elementor-element-populated\">\n\t\t\t\t\t\t\t\t<div class=\"elementor-element elementor-element-b3fcd2b elementor-widget elementor-widget-spacer\" data-id=\"b3fcd2b\" data-element_type=\"widget\" data-widget_type=\"spacer.default\">\n\t\t\t\t<div class=\"elementor-widget-container\">\n\t\t\t\t\t<div class=\"elementor-spacer\">\n\t\t\t<div class=\"elementor-spacer-inner\"><\/div>\n\t\t<\/div>\n\t\t\t\t<\/div>\n\t\t\t\t<\/div>\n\t\t\t\t\t<\/div>\n\t\t<\/div>\n\t\t\t\t\t\t\t<\/div>\n\t\t<\/section>\n\t\t\t\t\t\t\t<\/div>","protected":false},"excerpt":{"rendered":"<p>Politika kola\u010di\u0107a (Cookie policy) Kako bi ova web stranica radila ispravno sa svim svojim funkcionalnostima te da bi mogli dalje raditi na unaprije\u0111enju stranice i pobolj\u0161anju korisni\u010dkog iskustva, potrebni su nam\u00a0kola\u010di\u0107i\u00a0 (eng.\u00a0cookies). Prema regulacijama Europske unije, od 25. o\u017eujka 2011. godine obvezni smo prije spremanja kola\u010di\u0107a zatra\u017eiti va\u0161\u00a0pristanak. To zna\u010di da\u00a0kori\u0161tenjem ove web stranice imate [&hellip;]<\/p>","protected":false},"author":1,"featured_media":0,"parent":0,"menu_order":0,"comment_status":"closed","ping_status":"closed","template":"elementor_header_footer","meta":{"footnotes":""},"class_list":["post-767","page","type-page","status-publish","hentry"],"_links":{"self":[{"href":"https:\/\/panoramicflight-zadar.com\/de\/wp-json\/wp\/v2\/pages\/767","targetHints":{"allow":["GET"]}}],"collection":[{"href":"https:\/\/panoramicflight-zadar.com\/de\/wp-json\/wp\/v2\/pages"}],"about":[{"href":"https:\/\/panoramicflight-zadar.com\/de\/wp-json\/wp\/v2\/types\/page"}],"author":[{"embeddable":true,"href":"https:\/\/panoramicflight-zadar.com\/de\/wp-json\/wp\/v2\/users\/1"}],"replies":[{"embeddable":true,"href":"https:\/\/panoramicflight-zadar.com\/de\/wp-json\/wp\/v2\/comments?post=767"}],"version-history":[{"count":13,"href":"https:\/\/panoramicflight-zadar.com\/de\/wp-json\/wp\/v2\/pages\/767\/revisions"}],"predecessor-version":[{"id":789,"href":"https:\/\/panoramicflight-zadar.com\/de\/wp-json\/wp\/v2\/pages\/767\/revisions\/789"}],"wp:attachment":[{"href":"https:\/\/panoramicflight-zadar.com\/de\/wp-json\/wp\/v2\/media?parent=767"}],"curies":[{"name":"wp","href":"https:\/\/api.w.org\/{rel}","templated":true}]}}