{"id":687,"date":"2023-12-18T11:17:17","date_gmt":"2023-12-18T11:17:17","guid":{"rendered":"https:\/\/panoramicflight-zadar.com\/?page_id=687"},"modified":"2024-03-27T18:38:55","modified_gmt":"2024-03-27T17:38:55","slug":"kontakt","status":"publish","type":"page","link":"https:\/\/panoramicflight-zadar.com\/de\/kontakt\/","title":{"rendered":"Kontakt"},"content":{"rendered":"<div data-elementor-type=\"wp-page\" data-elementor-id=\"687\" class=\"elementor elementor-687\" data-elementor-post-type=\"page\">\n\t\t\t\t\t\t\t\t\t<section class=\"elementor-section elementor-top-section elementor-element elementor-element-1d7ab4a elementor-section-boxed elementor-section-height-default elementor-section-height-default\" data-id=\"1d7ab4a\" data-element_type=\"section\">\n\t\t\t\t\t\t<div class=\"elementor-container elementor-column-gap-default\">\n\t\t\t\t\t<div class=\"elementor-column elementor-col-100 elementor-top-column elementor-element elementor-element-0e9d598\" data-id=\"0e9d598\" data-element_type=\"column\">\n\t\t\t<div class=\"elementor-widget-wrap elementor-element-populated\">\n\t\t\t\t\t\t\t\t<div class=\"elementor-element elementor-element-4f6d4cb elementor-widget elementor-widget-heading\" data-id=\"4f6d4cb\" data-element_type=\"widget\" data-widget_type=\"heading.default\">\n\t\t\t\t<div class=\"elementor-widget-container\">\n\t\t\t<style>\/*! elementor - v3.18.0 - 20-12-2023 *\/\n.elementor-heading-title{padding:0;margin:0;line-height:1}.elementor-widget-heading .elementor-heading-title[class*=elementor-size-]>a{color:inherit;font-size:inherit;line-height:inherit}.elementor-widget-heading .elementor-heading-title.elementor-size-small{font-size:15px}.elementor-widget-heading .elementor-heading-title.elementor-size-medium{font-size:19px}.elementor-widget-heading .elementor-heading-title.elementor-size-large{font-size:29px}.elementor-widget-heading .elementor-heading-title.elementor-size-xl{font-size:39px}.elementor-widget-heading .elementor-heading-title.elementor-size-xxl{font-size:59px}<\/style><h2 class=\"elementor-heading-title elementor-size-default\">Kontakt<\/h2>\t\t<\/div>\n\t\t\t\t<\/div>\n\t\t\t\t\t<\/div>\n\t\t<\/div>\n\t\t\t\t\t\t\t<\/div>\n\t\t<\/section>\n\t\t\t\t<section class=\"elementor-section elementor-top-section elementor-element elementor-element-340fa3d elementor-section-boxed elementor-section-height-default elementor-section-height-default\" data-id=\"340fa3d\" data-element_type=\"section\">\n\t\t\t\t\t\t<div class=\"elementor-container elementor-column-gap-default\">\n\t\t\t\t\t<div class=\"elementor-column elementor-col-100 elementor-top-column elementor-element elementor-element-e2c5528\" data-id=\"e2c5528\" data-element_type=\"column\">\n\t\t\t<div class=\"elementor-widget-wrap elementor-element-populated\">\n\t\t\t\t\t\t\t\t<div class=\"elementor-element elementor-element-fd90525 elementor-widget-divider--view-line elementor-widget elementor-widget-divider\" data-id=\"fd90525\" data-element_type=\"widget\" data-widget_type=\"divider.default\">\n\t\t\t\t<div class=\"elementor-widget-container\">\n\t\t\t<style>\/*! elementor - v3.18.0 - 20-12-2023 *\/\n.elementor-widget-divider{--divider-border-style:none;--divider-border-width:1px;--divider-color:#0c0d0e;--divider-icon-size:20px;--divider-element-spacing:10px;--divider-pattern-height:24px;--divider-pattern-size:20px;--divider-pattern-url:none;--divider-pattern-repeat:repeat-x}.elementor-widget-divider .elementor-divider{display:flex}.elementor-widget-divider .elementor-divider__text{font-size:15px;line-height:1;max-width:95%}.elementor-widget-divider .elementor-divider__element{margin:0 var(--divider-element-spacing);flex-shrink:0}.elementor-widget-divider .elementor-icon{font-size:var(--divider-icon-size)}.elementor-widget-divider .elementor-divider-separator{display:flex;margin:0;direction:ltr}.elementor-widget-divider--view-line_icon .elementor-divider-separator,.elementor-widget-divider--view-line_text .elementor-divider-separator{align-items:center}.elementor-widget-divider--view-line_icon .elementor-divider-separator:after,.elementor-widget-divider--view-line_icon .elementor-divider-separator:before,.elementor-widget-divider--view-line_text .elementor-divider-separator:after,.elementor-widget-divider--view-line_text .elementor-divider-separator:before{display:block;content:\"\";border-bottom:0;flex-grow:1;border-top:var(--divider-border-width) var(--divider-border-style) var(--divider-color)}.elementor-widget-divider--element-align-left .elementor-divider .elementor-divider-separator>.elementor-divider__svg:first-of-type{flex-grow:0;flex-shrink:100}.elementor-widget-divider--element-align-left .elementor-divider-separator:before{content:none}.elementor-widget-divider--element-align-left .elementor-divider__element{margin-left:0}.elementor-widget-divider--element-align-right .elementor-divider .elementor-divider-separator>.elementor-divider__svg:last-of-type{flex-grow:0;flex-shrink:100}.elementor-widget-divider--element-align-right .elementor-divider-separator:after{content:none}.elementor-widget-divider--element-align-right .elementor-divider__element{margin-right:0}.elementor-widget-divider:not(.elementor-widget-divider--view-line_text):not(.elementor-widget-divider--view-line_icon) .elementor-divider-separator{border-top:var(--divider-border-width) var(--divider-border-style) var(--divider-color)}.elementor-widget-divider--separator-type-pattern{--divider-border-style:none}.elementor-widget-divider--separator-type-pattern.elementor-widget-divider--view-line .elementor-divider-separator,.elementor-widget-divider--separator-type-pattern:not(.elementor-widget-divider--view-line) .elementor-divider-separator:after,.elementor-widget-divider--separator-type-pattern:not(.elementor-widget-divider--view-line) .elementor-divider-separator:before,.elementor-widget-divider--separator-type-pattern:not([class*=elementor-widget-divider--view]) .elementor-divider-separator{width:100%;min-height:var(--divider-pattern-height);-webkit-mask-size:var(--divider-pattern-size) 100%;mask-size:var(--divider-pattern-size) 100%;-webkit-mask-repeat:var(--divider-pattern-repeat);mask-repeat:var(--divider-pattern-repeat);background-color:var(--divider-color);-webkit-mask-image:var(--divider-pattern-url);mask-image:var(--divider-pattern-url)}.elementor-widget-divider--no-spacing{--divider-pattern-size:auto}.elementor-widget-divider--bg-round{--divider-pattern-repeat:round}.rtl .elementor-widget-divider .elementor-divider__text{direction:rtl}.e-con-inner>.elementor-widget-divider,.e-con>.elementor-widget-divider{width:var(--container-widget-width,100%);--flex-grow:var(--container-widget-flex-grow)}<\/style>\t\t<div class=\"elementor-divider\">\n\t\t\t<span class=\"elementor-divider-separator\">\n\t\t\t\t\t\t<\/span>\n\t\t<\/div>\n\t\t\t\t<\/div>\n\t\t\t\t<\/div>\n\t\t\t\t<div class=\"elementor-element elementor-element-6e76cd0 elementor-widget elementor-widget-spacer\" data-id=\"6e76cd0\" data-element_type=\"widget\" data-widget_type=\"spacer.default\">\n\t\t\t\t<div class=\"elementor-widget-container\">\n\t\t\t<style>\/*! elementor - v3.18.0 - 20-12-2023 *\/\n.elementor-column .elementor-spacer-inner{height:var(--spacer-size)}.e-con{--container-widget-width:100%}.e-con-inner>.elementor-widget-spacer,.e-con>.elementor-widget-spacer{width:var(--container-widget-width,var(--spacer-size));--align-self:var(--container-widget-align-self,initial);--flex-shrink:0}.e-con-inner>.elementor-widget-spacer>.elementor-widget-container,.e-con>.elementor-widget-spacer>.elementor-widget-container{height:100%;width:100%}.e-con-inner>.elementor-widget-spacer>.elementor-widget-container>.elementor-spacer,.e-con>.elementor-widget-spacer>.elementor-widget-container>.elementor-spacer{height:100%}.e-con-inner>.elementor-widget-spacer>.elementor-widget-container>.elementor-spacer>.elementor-spacer-inner,.e-con>.elementor-widget-spacer>.elementor-widget-container>.elementor-spacer>.elementor-spacer-inner{height:var(--container-widget-height,var(--spacer-size))}.e-con-inner>.elementor-widget-spacer.elementor-widget-empty,.e-con>.elementor-widget-spacer.elementor-widget-empty{position:relative;min-height:22px;min-width:22px}.e-con-inner>.elementor-widget-spacer.elementor-widget-empty .elementor-widget-empty-icon,.e-con>.elementor-widget-spacer.elementor-widget-empty .elementor-widget-empty-icon{position:absolute;top:0;bottom:0;left:0;right:0;margin:auto;padding:0;width:22px;height:22px}<\/style>\t\t<div class=\"elementor-spacer\">\n\t\t\t<div class=\"elementor-spacer-inner\"><\/div>\n\t\t<\/div>\n\t\t\t\t<\/div>\n\t\t\t\t<\/div>\n\t\t\t\t\t<\/div>\n\t\t<\/div>\n\t\t\t\t\t\t\t<\/div>\n\t\t<\/section>\n\t\t\t\t<section class=\"elementor-section elementor-top-section elementor-element elementor-element-9b272b5 elementor-section-boxed elementor-section-height-default elementor-section-height-default\" data-id=\"9b272b5\" data-element_type=\"section\">\n\t\t\t\t\t\t<div class=\"elementor-container elementor-column-gap-default\">\n\t\t\t\t\t<div class=\"elementor-column elementor-col-50 elementor-top-column elementor-element elementor-element-64e0051\" data-id=\"64e0051\" data-element_type=\"column\">\n\t\t\t<div class=\"elementor-widget-wrap elementor-element-populated\">\n\t\t\t\t\t\t\t\t<div class=\"elementor-element elementor-element-a84ee0b pilots sa-team-member--top elementor-widget elementor-widget-sky-team-member\" data-id=\"a84ee0b\" data-element_type=\"widget\" data-widget_type=\"sky-team-member.default\">\n\t\t\t\t<div class=\"elementor-widget-container\">\n\t\t\t        <div class=\"sa-team-member sa-p-3\">\n\n                    <figure class=\"sa-img-area\">\n            <img fetchpriority=\"high\" decoding=\"async\" width=\"1536\" height=\"2048\" src=\"https:\/\/panoramicflight-zadar.com\/wp-content\/uploads\/2023\/12\/IMG-20231211-WA0003.jpg\" class=\"attachment-full size-full wp-image-551\" alt=\"\" srcset=\"https:\/\/panoramicflight-zadar.com\/wp-content\/uploads\/2023\/12\/IMG-20231211-WA0003.jpg 1536w, https:\/\/panoramicflight-zadar.com\/wp-content\/uploads\/2023\/12\/IMG-20231211-WA0003-225x300.jpg 225w, https:\/\/panoramicflight-zadar.com\/wp-content\/uploads\/2023\/12\/IMG-20231211-WA0003-768x1024.jpg 768w, https:\/\/panoramicflight-zadar.com\/wp-content\/uploads\/2023\/12\/IMG-20231211-WA0003-1152x1536.jpg 1152w\" sizes=\"(max-width: 1536px) 100vw, 1536px\" \/>        <\/figure>\n    \n            <div class=\"sa-content-area sa-pt-3 mold-effect\">\n                <h3 class=\"sa--title sa-name sa-mt-0 sa-mb-0\">Mato Bumbar<\/h3><h6 class=\"sa--sub-title sa-job-title sa-mt-0 sa-mb-2 sa-fs-6\">Pilot und Fluglehrer<\/h6><div class=\"sa--text sa--text-info sa-text sa-mb-2 sa-fs-6\">Pilot Mato Bumbar verf\u00fcgt \u00fcber mehr als 40 Jahre Flugerfahrung auf \u00fcber 30 verschiedenen Flugzeugtypen, mehr als 2500 Flugstunden, mehr als 250 Kunstflugstunden und ist Fluglehrer.<\/div>            <\/div>\n        <\/div>\n    \t\t<\/div>\n\t\t\t\t<\/div>\n\t\t\t\t\t<\/div>\n\t\t<\/div>\n\t\t\t\t<div class=\"elementor-column elementor-col-50 elementor-top-column elementor-element elementor-element-523ad8e\" data-id=\"523ad8e\" data-element_type=\"column\">\n\t\t\t<div class=\"elementor-widget-wrap elementor-element-populated\">\n\t\t\t\t\t\t\t\t<section class=\"elementor-section elementor-inner-section elementor-element elementor-element-3222b69 elementor-section-boxed elementor-section-height-default elementor-section-height-default\" data-id=\"3222b69\" data-element_type=\"section\">\n\t\t\t\t\t\t<div class=\"elementor-container elementor-column-gap-default\">\n\t\t\t\t\t<div class=\"elementor-column elementor-col-50 elementor-inner-column elementor-element elementor-element-72e7301\" data-id=\"72e7301\" data-element_type=\"column\">\n\t\t\t<div class=\"elementor-widget-wrap elementor-element-populated\">\n\t\t\t\t\t\t\t\t<div class=\"elementor-element elementor-element-f1ac717 sa-info-box-media-top elementor-widget elementor-widget-sky-info-box\" data-id=\"f1ac717\" data-element_type=\"widget\" data-widget_type=\"sky-info-box.default\">\n\t\t\t\t<div class=\"elementor-widget-container\">\n\t\t\t\n\t\t<div class=\"sa-info-box\">\n\t\t\t\t\t\t\n\t\t\t\t\t\t\t<figure class=\"sa-infobox-figure sa-icon-wrap sa-text-center\">\n\t\t\t\t\t<svg aria-hidden=\"true\" class=\"e-font-icon-svg e-far-envelope\" viewbox=\"0 0 512 512\" xmlns=\"http:\/\/www.w3.org\/2000\/svg\"><path d=\"M464 64H48C21.49 64 0 85.49 0 112v288c0 26.51 21.49 48 48 48h416c26.51 0 48-21.49 48-48V112c0-26.51-21.49-48-48-48zm0 48v40.805c-22.422 18.259-58.168 46.651-134.587 106.49-16.841 13.247-50.201 45.072-73.413 44.701-23.208.375-56.579-31.459-73.413-44.701C106.18 199.465 70.425 171.067 48 152.805V112h416zM48 400V214.398c22.914 18.251 55.409 43.862 104.938 82.646 21.857 17.205 60.134 55.186 103.062 54.955 42.717.231 80.509-37.199 103.053-54.947 49.528-38.783 82.032-64.401 104.947-82.653V400H48z\"><\/path><\/svg>\t\t\t\t<\/figure>\n\t\t\t\n\t\t\t<div class=\"sa-infobox-body\">\n\t\t\t\t<h3 class=\"sa-title sa--title sa--text-title sa-mt-0 sa-fs-4  sa-mb-4\">E-Mail<\/h3><div class=\"sa-desc sa--text sa--text-info sa-fs-6 sa-mb-4 sa-button-exists\">mb.bumbar@gmail.com<\/div>\n\t\t\t\t\t\t\t\t\t<a class=\"sa-button sa-d-inline-flex sa-text-decoration-none sa-align-items-center  sa-button-icon-\" href=\"mailto:mb.bumbar@gmail.com\">\n\t\t\t\t\t\t<span class=\"sa-button-text\">Senden Sie uns eine Email<\/span>\t\t\t\t\t<\/a>\n\t\t\t\t\t\t\t<\/div>\n\t\t<\/div>\n\n\t\t\t\t<\/div>\n\t\t\t\t<\/div>\n\t\t\t\t\t<\/div>\n\t\t<\/div>\n\t\t\t\t<div class=\"elementor-column elementor-col-50 elementor-inner-column elementor-element elementor-element-39591f2\" data-id=\"39591f2\" data-element_type=\"column\">\n\t\t\t<div class=\"elementor-widget-wrap elementor-element-populated\">\n\t\t\t\t\t\t\t\t<div class=\"elementor-element elementor-element-3b00eac sa-info-box-media-top elementor-widget elementor-widget-sky-info-box\" data-id=\"3b00eac\" data-element_type=\"widget\" data-widget_type=\"sky-info-box.default\">\n\t\t\t\t<div class=\"elementor-widget-container\">\n\t\t\t\n\t\t<div class=\"sa-info-box\">\n\t\t\t\t\t\t\n\t\t\t\t\t\t\t<figure class=\"sa-infobox-figure sa-icon-wrap sa-text-center\">\n\t\t\t\t\t<svg aria-hidden=\"true\" class=\"e-font-icon-svg e-fas-phone-alt\" viewbox=\"0 0 512 512\" xmlns=\"http:\/\/www.w3.org\/2000\/svg\"><path d=\"M497.39 361.8l-112-48a24 24 0 0 0-28 6.9l-49.6 60.6A370.66 370.66 0 0 1 130.6 204.11l60.6-49.6a23.94 23.94 0 0 0 6.9-28l-48-112A24.16 24.16 0 0 0 122.6.61l-104 24A24 24 0 0 0 0 48c0 256.5 207.9 464 464 464a24 24 0 0 0 23.4-18.6l24-104a24.29 24.29 0 0 0-14.01-27.6z\"><\/path><\/svg>\t\t\t\t<\/figure>\n\t\t\t\n\t\t\t<div class=\"sa-infobox-body\">\n\t\t\t\t<h3 class=\"sa-title sa--title sa--text-title sa-mt-0 sa-fs-4  sa-mb-4\">Handy<\/h3><div class=\"sa-desc sa--text sa--text-info sa-fs-6 sa-mb-4 sa-button-exists\">+385 92 188 2445<\/div>\n\t\t\t\t\t\t\t\t\t<a class=\"sa-button sa-d-inline-flex sa-text-decoration-none sa-align-items-center  sa-button-icon-\" href=\"tel: 385 921882445\">\n\t\t\t\t\t\t<span class=\"sa-button-text\">Jetzt anrufen<\/span>\t\t\t\t\t<\/a>\n\t\t\t\t\t\t\t<\/div>\n\t\t<\/div>\n\n\t\t\t\t<\/div>\n\t\t\t\t<\/div>\n\t\t\t\t\t<\/div>\n\t\t<\/div>\n\t\t\t\t\t\t\t<\/div>\n\t\t<\/section>\n\t\t\t\t<section class=\"elementor-section elementor-inner-section elementor-element elementor-element-a88c481 elementor-section-content-middle elementor-section-boxed elementor-section-height-default elementor-section-height-default\" data-id=\"a88c481\" data-element_type=\"section\">\n\t\t\t\t\t\t<div class=\"elementor-container elementor-column-gap-default\">\n\t\t\t\t\t<div class=\"elementor-column elementor-col-50 elementor-inner-column elementor-element elementor-element-e18ccd3\" data-id=\"e18ccd3\" data-element_type=\"column\">\n\t\t\t<div class=\"elementor-widget-wrap elementor-element-populated\">\n\t\t\t\t\t\t\t\t<div class=\"elementor-element elementor-element-5b506be sa-info-box-media-top elementor-widget elementor-widget-sky-info-box\" data-id=\"5b506be\" data-element_type=\"widget\" data-widget_type=\"sky-info-box.default\">\n\t\t\t\t<div class=\"elementor-widget-container\">\n\t\t\t\n\t\t<div class=\"sa-info-box\">\n\t\t\t\t\t\t\n\t\t\t\t\t\t\t<figure class=\"sa-infobox-figure sa-icon-wrap sa-text-center\">\n\t\t\t\t\t<svg aria-hidden=\"true\" class=\"e-font-icon-svg e-fas-map-marker-alt\" viewbox=\"0 0 384 512\" xmlns=\"http:\/\/www.w3.org\/2000\/svg\"><path d=\"M172.268 501.67C26.97 291.031 0 269.413 0 192 0 85.961 85.961 0 192 0s192 85.961 192 192c0 77.413-26.97 99.031-172.268 309.67-9.535 13.774-29.93 13.773-39.464 0zM192 272c44.183 0 80-35.817 80-80s-35.817-80-80-80-80 35.817-80 80 35.817 80 80 80z\"><\/path><\/svg>\t\t\t\t<\/figure>\n\t\t\t\n\t\t\t<div class=\"sa-infobox-body\">\n\t\t\t\t<h3 class=\"sa-title sa--title sa--text-title sa-mt-0 sa-fs-4  sa-mb-4\">Standort<\/h3><div class=\"sa-desc sa--text sa--text-info sa-fs-6 sa-mb-4 sa-button-exists\">Flughafen Zadar<\/div>\n\t\t\t\t\t\t\t\t\t<a class=\"sa-button sa-d-inline-flex sa-text-decoration-none sa-align-items-center  sa-button-icon-\" href=\"https:\/\/www.google.de\/maps\/dir\/\/zrana+luka+zadar\/@44.0848533,15.2970114,13z\/data=!4m8!4m7!1m0!1m5!1m1!1s0x4761e59269455823:0xd8e219946423a70a!2m2!1d15.3533664!2d44.0964983?entry=ttu\" target=\"_blank\">\n\t\t\t\t\t\t<span class=\"sa-button-text\">Wegbeschreibung zum Flughafen Zadar<\/span>\t\t\t\t\t<\/a>\n\t\t\t\t\t\t\t<\/div>\n\t\t<\/div>\n\n\t\t\t\t<\/div>\n\t\t\t\t<\/div>\n\t\t\t\t\t<\/div>\n\t\t<\/div>\n\t\t\t\t<div class=\"elementor-column elementor-col-50 elementor-inner-column elementor-element elementor-element-a1795f6\" data-id=\"a1795f6\" data-element_type=\"column\">\n\t\t\t<div class=\"elementor-widget-wrap elementor-element-populated\">\n\t\t\t\t\t\t\t\t<div class=\"elementor-element elementor-element-58cfdec elementor-widget elementor-widget-html\" data-id=\"58cfdec\" data-element_type=\"widget\" data-widget_type=\"html.default\">\n\t\t\t\t<div class=\"elementor-widget-container\">\n\t\t\t<iframe src=\"https:\/\/www.google.com\/maps\/embed?pb=!1m18!1m12!1m3!1d2865.3631483103663!2d15.350791476851382!3d44.096498271084556!2m3!1f0!2f0!3f0!3m2!1i1024!2i768!4f13.1!3m3!1m2!1s0x4761e59269455823%3A0xd8e219946423a70a!2sZra%C4%8Dna%20Luka%20Zadar!5e0!3m2!1shr!2shr!4v1711561111005!5m2!1shr!2shr\" width=\"600\" height=\"250\" style=\"border:0;\" allowfullscreen=\"\" loading=\"lazy\" referrerpolicy=\"no-referrer-when-downgrade\"><\/iframe>\t\t<\/div>\n\t\t\t\t<\/div>\n\t\t\t\t\t<\/div>\n\t\t<\/div>\n\t\t\t\t\t\t\t<\/div>\n\t\t<\/section>\n\t\t\t\t\t<\/div>\n\t\t<\/div>\n\t\t\t\t\t\t\t<\/div>\n\t\t<\/section>\n\t\t\t\t<section class=\"elementor-section elementor-top-section elementor-element elementor-element-821c9b6 elementor-section-boxed elementor-section-height-default elementor-section-height-default\" data-id=\"821c9b6\" data-element_type=\"section\">\n\t\t\t\t\t\t<div class=\"elementor-container elementor-column-gap-default\">\n\t\t\t\t\t<div class=\"elementor-column elementor-col-100 elementor-top-column elementor-element elementor-element-5be62c2\" data-id=\"5be62c2\" data-element_type=\"column\">\n\t\t\t<div class=\"elementor-widget-wrap elementor-element-populated\">\n\t\t\t\t\t\t\t\t<div class=\"elementor-element elementor-element-dd25a4f elementor-widget elementor-widget-spacer\" data-id=\"dd25a4f\" data-element_type=\"widget\" data-widget_type=\"spacer.default\">\n\t\t\t\t<div class=\"elementor-widget-container\">\n\t\t\t\t\t<div class=\"elementor-spacer\">\n\t\t\t<div class=\"elementor-spacer-inner\"><\/div>\n\t\t<\/div>\n\t\t\t\t<\/div>\n\t\t\t\t<\/div>\n\t\t\t\t\t<\/div>\n\t\t<\/div>\n\t\t\t\t\t\t\t<\/div>\n\t\t<\/section>\n\t\t\t\t\t\t\t<\/div>","protected":false},"excerpt":{"rendered":"<p>Kontakt Mato Bumbar Pilot i instruktor letenja Pilot Mato Bumbar ima vi\u0161e od 40 godina leta\u010dkog iskustva na preko 30 razli\u010ditih tipova zrakoplova, 2500+ sati naleta, 250+ sati naleta u akrobatskom letenju i instruktor je letenja. E-Mail mb.bumbar@gmail.com Po\u0161aljite E-Mail Mobitel +385 92 188 2445 Nazovite odmah Lokacija Zra\u010dna luka Zadar Upute do zra\u010dne luke [&hellip;]<\/p>","protected":false},"author":1,"featured_media":0,"parent":0,"menu_order":0,"comment_status":"closed","ping_status":"closed","template":"elementor_header_footer","meta":{"footnotes":""},"class_list":["post-687","page","type-page","status-publish","hentry"],"_links":{"self":[{"href":"https:\/\/panoramicflight-zadar.com\/de\/wp-json\/wp\/v2\/pages\/687","targetHints":{"allow":["GET"]}}],"collection":[{"href":"https:\/\/panoramicflight-zadar.com\/de\/wp-json\/wp\/v2\/pages"}],"about":[{"href":"https:\/\/panoramicflight-zadar.com\/de\/wp-json\/wp\/v2\/types\/page"}],"author":[{"embeddable":true,"href":"https:\/\/panoramicflight-zadar.com\/de\/wp-json\/wp\/v2\/users\/1"}],"replies":[{"embeddable":true,"href":"https:\/\/panoramicflight-zadar.com\/de\/wp-json\/wp\/v2\/comments?post=687"}],"version-history":[{"count":34,"href":"https:\/\/panoramicflight-zadar.com\/de\/wp-json\/wp\/v2\/pages\/687\/revisions"}],"predecessor-version":[{"id":1238,"href":"https:\/\/panoramicflight-zadar.com\/de\/wp-json\/wp\/v2\/pages\/687\/revisions\/1238"}],"wp:attachment":[{"href":"https:\/\/panoramicflight-zadar.com\/de\/wp-json\/wp\/v2\/media?parent=687"}],"curies":[{"name":"wp","href":"https:\/\/api.w.org\/{rel}","templated":true}]}}